{"id":14,"date":"2019-12-15T22:42:27","date_gmt":"2019-12-15T21:42:27","guid":{"rendered":"http:\/\/www.bacciodimagio.it\/?page_id=14"},"modified":"2021-02-12T16:08:11","modified_gmt":"2021-02-12T15:08:11","slug":"arezzo","status":"publish","type":"page","link":"https:\/\/www.bacciodimagio.it\/?page_id=14","title":{"rendered":"Arezzo"},"content":{"rendered":"\n<figure class=\"wp-block-image size-large is-resized is-style-default\"><a href=\"http:\/\/www.bacciodimagio.it\/wp-content\/uploads\/2019\/12\/arezzo.jpg\" class=\"gallery_colorbox\"><img loading=\"lazy\" src=\"http:\/\/www.bacciodimagio.it\/wp-content\/uploads\/2019\/12\/arezzo.jpg\"  alt=\"\" class=\"wp-image-11\" width=\"640\" height=\"480\" srcset=\"https:\/\/www.bacciodimagio.it\/wp-content\/uploads\/2019\/12\/arezzo.jpg 1024w, https:\/\/www.bacciodimagio.it\/wp-content\/uploads\/2019\/12\/arezzo-300x225.jpg 300w, https:\/\/www.bacciodimagio.it\/wp-content\/uploads\/2019\/12\/arezzo-100x75.jpg 100w\" sizes=\"(max-width: 640px) 100vw, 640px\" \/><\/a><\/figure>\n\n\n\n<p>Descritta da Livio come una delle Capitae Etruriae (capitali etrusche), si ritiene che <strong>Arezzo<\/strong> (Aritim in Etrusco) sia stata una delle dodici citt\u00e0 etrusche pi\u00f9 importanti: la cosiddetta Dodecapolis, parte della Lega etrusca.<br>Resti etruschi stabiliscono che l&#8217;acropoli di San Cornelio, una piccola collina accanto a quella di San Donatus, fu occupata e fortificata nel periodo etrusco.<\/p>\n\n\n\n<p>Vi sono altre significative testimonianze etrusche: parti di mura, una necropoli etrusca sul Poggio del Sole (ancora chiamato &#8220;Collina del Sole&#8221;) e, pi\u00f9 famoso, i due bronzi, la &#8220;Chimera di <strong>Arezzo<\/strong>&#8221; (V secolo a.C.) e la &#8220;Minerva&#8221; (IV secolo a.C.) che furono scoperti nel XVI secolo e portati a Firenze. Le crescenti connessioni commerciali con la Grecia portarono anche alcuni pezzi preziosissimi ai nobili etruschi di <strong>Arezzo<\/strong>: il cratere dipinto da Eufronio c. 510 aC raffigurante una battaglia contro le Amazzoni (nel Museo Civico, <strong>Arezzo<\/strong> 1465) \u00e8 insuperabile.<\/p>\n\n\n\n<p>Conquistato dai romani nel 311 a.C., Arretium divenne una stazione militare sulla via Cassia, la strada attraverso la quale Roma si espandeva nel bacino del Po. Arretium si schier\u00f2 dalla parte di Marius (157-86 a.C.) nella Guerra Civile Romana e il vittorioso Silla (circa 138-78 a.C.) piant\u00f2 una colonia dei suoi veterani nella citt\u00e0 semidistrutta Arretium Fidens (&#8220;Fedele Arretium&#8221;).<\/p>\n\n\n\n<p>L&#8217;antica aristocrazia etrusca non si estinse: Gaius Cilnius Mecenate, il cui nome \u00e8 diventato omonimo di &#8220;patrono delle arti&#8221;, proveniva dal nobile ceppo etrusco. La citt\u00e0 continu\u00f2 a prosperare come Arretium Vetus (&#8220;Vecchia Arretium&#8221;), diventando la terza citt\u00e0 pi\u00f9 grande in Italia nel periodo augustea, ben nota in particolare per i suoi manufatti ceramici, oggetto di grande esportazione, i caratteristici articoli di Aretine modellati e smaltati, suppellettili di argilla scura e vasi dipinti di rosso (i cosiddetti vasi &#8220;corallo&#8221;).<\/p>\n\n\n\n<p><strong>Arezzo<\/strong> \u00e8 situata su una ripida collina che sale dalla pianura alluvionale del fiume Arno. Nella parte alta della citt\u00e0 si trovano la cattedrale, il municipio e la Fortezza Medicea, da cui le strade principali si diramano verso la parte inferiore fino alle porte. La parte alta della citt\u00e0 mantiene immutato il proprio aspetto medievale: nel medioevo nonostante il crollo del mondo romano e le invasioni barbariche, <strong>Arezzo<\/strong> mantenne prestigio ed importanza. Fu uno dei primi centri occupati dai Longobardi, che costruirono castelli e pievi, cos\u00ec come avvenne a Siena. Dopo la vittoria dei Franchi sui Longobardi, la citt\u00e0 entr\u00f2 a far parte del Sacro Romano Impero Carolingio.<\/p>\n","protected":false},"excerpt":{"rendered":"<p>Descritta da Livio come una delle Capitae Etruriae (capitali etrusche), si ritiene che Arezzo (Aritim in Etrusco) sia stata una delle dodici citt\u00e0 etrusche pi\u00f9 importanti: la cosiddetta Dodecapolis, parte della Lega etrusca.Resti etruschi stabiliscono che l&#8217;acropoli di San Cornelio, una piccola collina accanto a quella di San Donatus, fu occupata e fortificata nel periodo<\/p>\n","protected":false},"author":1,"featured_media":0,"parent":0,"menu_order":0,"comment_status":"closed","ping_status":"closed","template":"","meta":[],"_links":{"self":[{"href":"https:\/\/www.bacciodimagio.it\/index.php?rest_route=\/wp\/v2\/pages\/14"}],"collection":[{"href":"https:\/\/www.bacciodimagio.it\/index.php?rest_route=\/wp\/v2\/pages"}],"about":[{"href":"https:\/\/www.bacciodimagio.it\/index.php?rest_route=\/wp\/v2\/types\/page"}],"author":[{"embeddable":true,"href":"https:\/\/www.bacciodimagio.it\/index.php?rest_route=\/wp\/v2\/users\/1"}],"replies":[{"embeddable":true,"href":"https:\/\/www.bacciodimagio.it\/index.php?rest_route=%2Fwp%2Fv2%2Fcomments&post=14"}],"version-history":[{"count":15,"href":"https:\/\/www.bacciodimagio.it\/index.php?rest_route=\/wp\/v2\/pages\/14\/revisions"}],"predecessor-version":[{"id":315,"href":"https:\/\/www.bacciodimagio.it\/index.php?rest_route=\/wp\/v2\/pages\/14\/revisions\/315"}],"wp:attachment":[{"href":"https:\/\/www.bacciodimagio.it\/index.php?rest_route=%2Fwp%2Fv2%2Fmedia&parent=14"}],"curies":[{"name":"wp","href":"https:\/\/api.w.org\/{rel}","templated":true}]}}