{"id":40,"date":"2020-02-07T16:47:03","date_gmt":"2020-02-07T15:47:03","guid":{"rendered":"http:\/\/www.bacciodimagio.it\/?page_id=40"},"modified":"2020-02-15T16:49:20","modified_gmt":"2020-02-15T15:49:20","slug":"cortona","status":"publish","type":"page","link":"https:\/\/www.bacciodimagio.it\/?page_id=40","title":{"rendered":"Cortona"},"content":{"rendered":"<p><a href=\"http:\/\/www.bacciodimagio.it\/wp-content\/uploads\/2020\/02\/cortona.jpg\" class=\"gallery_colorbox\"><img class=\"alignnone size-full wp-image-11\" src=\"http:\/\/www.bacciodimagio.it\/wp-content\/uploads\/2020\/02\/cortona.jpg\"  alt=\"cortona\" \/><\/a><\/p>\n<p>&nbsp;<\/p>\n<p><strong>Cortona<\/strong> \u00e8 una citt\u00e0 ed un comune nella provincia di Arezzo, in Toscana, Italia. \u00c8 il principale centro culturale e artistico della Val di Chiana, dopo Arezzo.<\/p>\n<p>Il carattere dell&#8217;architettura di <strong>Cortona<\/strong> \u00e8 puramente medievale, con ripide stradine situate su una collina ad un&#8217;altitudine di 600 metri che offre una meravigliosa vista dell&#8217;intera Valdichiana. Da Piazza Garibaldi (a cui fa ancora riferimento la popolazione locale con il suo nome pi\u00f9 antico, Piazza Carbonaia) si percepisce una bella prospettiva del Lago Trasimeno, scena dell&#8217;imboscata di Annibale dell&#8217;esercito romano nel 217 a.C. (Battaglia del Lago Trasimeno). Parti della cinta muraria etrusca di <strong>Cortona<\/strong> sono ancora oggi visibili come base dell&#8217;attuale muraglia. La strada principale, via Nazionale, \u00e8 l&#8217;unica strada della citt\u00e0 senza pendenza, ed \u00e8 ancora comunemente indicata dalla gente del posto con il suo nome pi\u00f9 antico di Ruga Piana.<\/p>\n<p>Forte della propria anima storica, <strong>Cortona<\/strong> racchiude dentro le proprie mura solide testimonianze artistiche di ogni periodo. All&#8217;interno di Palazzo Casali si trova il Museo dell&#8217;Accademia Etrusca, che espone oggetti provenienti da civilt\u00e0 etrusca, romana ed egizia, nonch\u00e9 arte e manufatti di epoca medievale e rinascimentale. Il famoso Museo dell&#8217;Accademia Etrusca ebbe la sua fondazione nel 1727 con le collezioni e la biblioteca di Onofrio Baldelli. Tra i suoi manufatti antichi pi\u00f9 famosi c&#8217;\u00e8 il lampadario in bronzo o lampada a sospensione etrusca, rinvenuto a Fratta vicino a <strong>Cortona<\/strong> nel 1840 e poi acquisito dall&#8217;Accademia per la grande somma di 1600 scudi fiorentini. La sua iconografia comprende (sotto i 16 fuochi) figure alternate di Sileno che suona la cornamusa o il doppio flauto, e di sirene o arpie. All&#8217;interno di zone che rappresentano onde, delfini e creature marine pi\u00f9 feroci c&#8217;\u00e8 una faccia simile a una gorgone con la lingua sporgente. Si presume che il lampadario derivasse da un importante santuario religioso etrusco settentrionale della seconda met\u00e0 del IV secolo a.C. Un&#8217;iscrizione successiva (II secolo a.C.) mostra che fu ridedicata per scopi votivi dalla famiglia Musni in quel momento. Il Museo di <strong>Cortona<\/strong> contiene numerosi altri importanti bronzi etruschi.<\/p>\n<p>Le tombe da camera etrusche nelle vicinanze di <strong>Cortona<\/strong> includono la Tanella di Pitagora (a met\u00e0 della collina di Camucia): la bella muratura della tomba \u00e8 esposta, ma era precedentemente coperta da un tumulo di terra. Due ai piedi della collina de Il Sodo e un complesso nella stessa Camucia. Il Sodo I, la &#8220;Grotta Sergardi&#8221; comunemente nota come &#8220;Il Melone&#8221;, contiene un passaggio, che si apre in passaggi paralleli che conducono a camere interne quadrate, entro un tumulo di circa 200 m (660 piedi) di circonferenza. Sebbene le camere siano pavimentate con lastre di muratura, le pareti sono costruite con pezzi di roccia grossolanamente formati in mattoni. Questa tomba nei pressi di <strong>Cortona<\/strong> \u00e8 aperta ai turisti. Il Sodo II conteneva una grande piattaforma d&#8217;altare con gradini in pietra con sfingi scolpite che divoravano guerrieri.<\/p>\n","protected":false},"excerpt":{"rendered":"<p>&nbsp; Cortona \u00e8 una citt\u00e0 ed un comune nella provincia di Arezzo, in Toscana, Italia. \u00c8 il principale centro culturale e artistico della Val di Chiana, dopo Arezzo. Il carattere dell&#8217;architettura di Cortona \u00e8 puramente medievale, con ripide stradine situate su una collina ad un&#8217;altitudine di 600 metri che offre una meravigliosa vista dell&#8217;intera Valdichiana.<\/p>\n","protected":false},"author":1,"featured_media":0,"parent":0,"menu_order":0,"comment_status":"closed","ping_status":"closed","template":"","meta":[],"_links":{"self":[{"href":"https:\/\/www.bacciodimagio.it\/index.php?rest_route=\/wp\/v2\/pages\/40"}],"collection":[{"href":"https:\/\/www.bacciodimagio.it\/index.php?rest_route=\/wp\/v2\/pages"}],"about":[{"href":"https:\/\/www.bacciodimagio.it\/index.php?rest_route=\/wp\/v2\/types\/page"}],"author":[{"embeddable":true,"href":"https:\/\/www.bacciodimagio.it\/index.php?rest_route=\/wp\/v2\/users\/1"}],"replies":[{"embeddable":true,"href":"https:\/\/www.bacciodimagio.it\/index.php?rest_route=%2Fwp%2Fv2%2Fcomments&post=40"}],"version-history":[{"count":9,"href":"https:\/\/www.bacciodimagio.it\/index.php?rest_route=\/wp\/v2\/pages\/40\/revisions"}],"predecessor-version":[{"id":99,"href":"https:\/\/www.bacciodimagio.it\/index.php?rest_route=\/wp\/v2\/pages\/40\/revisions\/99"}],"wp:attachment":[{"href":"https:\/\/www.bacciodimagio.it\/index.php?rest_route=%2Fwp%2Fv2%2Fmedia&parent=40"}],"curies":[{"name":"wp","href":"https:\/\/api.w.org\/{rel}","templated":true}]}}