{"id":50,"date":"2020-02-07T17:35:59","date_gmt":"2020-02-07T16:35:59","guid":{"rendered":"http:\/\/www.bacciodimagio.it\/?page_id=50"},"modified":"2020-02-15T16:13:48","modified_gmt":"2020-02-15T15:13:48","slug":"siena-2","status":"publish","type":"page","link":"https:\/\/www.bacciodimagio.it\/?page_id=50","title":{"rendered":"Siena"},"content":{"rendered":"<p><a href=\"http:\/\/www.bacciodimagio.it\/wp-content\/uploads\/2020\/02\/siena.jpg\" class=\"gallery_colorbox\"><img class=\"alignnone size-full wp-image-11\" src=\"http:\/\/www.bacciodimagio.it\/wp-content\/uploads\/2020\/02\/siena.jpg\"  alt=\"siena\" \/><\/a><\/p>\n<p>&nbsp;<\/p>\n<p><strong>Siena<\/strong> \u00e8 una citt\u00e0 in Toscana, Italia, capoluogo di provincia, e famosa in tutto il mondo. <\/p>\n<p>Il centro storico di <strong>Siena<\/strong> \u00e8 stato dichiarato dall&#8217;UNESCO patrimonio dell&#8217;umanit\u00e0. \u00c8 una delle aree turistiche pi\u00f9 visitate della nazione, con circa 100.000 arrivi internazionali annui. <strong>Siena<\/strong> \u00e8 inoltre famosa per l&#8217;arte, per i musei, per il paesaggio urbano medievale e per il Palio, storica corsa di cavalli che si tiene due volte all&#8217;anno.<\/p>\n<p><strong>Siena<\/strong>, come altre citt\u00e0 collinari toscane, fu fondata al tempo degli Etruschi (circa 900\u2013400 a.C.) periodo in cui fu abitata da una trib\u00f9 chiamata Saina, dalla quale probabilmente deriva il nome della citt\u00e0. Altre fonti sostengono che una citt\u00e0 romana chiamata Saena Julia fu fondata nel sito al tempo dell&#8217;Imperatore Augusto. Alcuni archeologi affermano che <strong>Siena<\/strong> fu controllata per un periodo da una trib\u00f9 gallica chiamata Senones. Sicuro \u00e8 che gli Etruschi riuscirono a cambiare il volto dell&#8217;Italia centrale, attraverso i loro sistemi di irrigazione usati per bonificare terreni precedentemente non raggiungibili, e la loro propensione a costruire insediamenti in forti posizionati in colline e zone elevate, a tutela e difesa del territorio. <\/p>\n<p>Secondo la leggenda locale, <strong>Siena<\/strong> fu fondata da Senius e Aschius, due figli di Remus e quindi nipoti di Romolo, da cui il nome di Roma. Presumibilmente dopo l&#8217;omicidio del padre da parte di Romolo, fuggirono da Roma, portando con s\u00e9 la statua della lupa che allattava i bambini (Lupo Capitolino), appropriandosi cos\u00ec di quel simbolo per la citt\u00e0. Inoltre cavalcavano cavalli bianchi e neri, dando origine al Balzana, o stemma di <strong>Siena<\/strong> con una fascia bianca sopra una banda scura. Alcuni sostengono che il nome <strong>Siena<\/strong> derivi da Senius. Altre etimologie derivano dal nome della famiglia etrusca Saina, dal nome romano Saenii, o dalla parola latina senex &#8220;vecchio&#8221; o dalla sua forma derivata seneo &#8220;vecchio&#8221;.<\/p>\n<p><strong>Siena<\/strong> non prosper\u00f2 sotto il dominio romano. La citt\u00e0 non era situata vicino a nessuna delle strade principali, e mancava di opportunit\u00e0 commerciali. Il suo status di isolamento fece in modo che il cristianesimo non penetrasse fino al IV secolo d.C.. Fu solo quando i Longobardi invasero <strong>Siena<\/strong> ed il territorio circostante, che la citt\u00e0 conobbe prosperit\u00e0. Dopo l&#8217;occupazione longobarda le antiche strade romane, la Via Aurelia e la Via Cassia, attraversavano le aree pi\u00f9 esposte alle incursioni bizantine, cos\u00ec i Longobardi reindirizzarono gran parte del loro commercio tra i possedimenti settentrionali dei Longobardi, quindi verso Roma passando lungo una strada pi\u00f9 sicura che appunto attraversava <strong>Siena<\/strong>. <strong>Siena<\/strong> prosper\u00f2 come una stazione commerciale e le continue correnti di pellegrini che passavano da e per Roma, costituirono una preziosa fonte di reddito nei secoli a venire. A <strong>Siena<\/strong> verso la fine del XV secolo fu fondata una delle prime banche italiane.<\/p>\n<p>Le pi\u00f9 antiche famiglie aristocratiche di <strong>Siena<\/strong> si arresero ai Longobardi di Carlo Magno attorno al 774. Molti soldati e sorveglianti franchi si unirono a quella che era allora la nobilt\u00e0 senese, lasciando un&#8217;eredit\u00e0 che pu\u00f2 essere percepita nelle abbazie che fondarono nel territorio senese. Il potere feudale tuttavia cal\u00f2, e dalla morte della contessa Matilde nel 1115 il territorio di confine della Marcia di Toscana che era stata sotto il controllo della sua famiglia, la Canossa, si spezz\u00f2 in diverse regioni autonome. Ci\u00f2 alla fine port\u00f2 alla creazione della Repubblica di <strong>Siena<\/strong>.<\/p>\n","protected":false},"excerpt":{"rendered":"<p>&nbsp; Siena \u00e8 una citt\u00e0 in Toscana, Italia, capoluogo di provincia, e famosa in tutto il mondo. Il centro storico di Siena \u00e8 stato dichiarato dall&#8217;UNESCO patrimonio dell&#8217;umanit\u00e0. \u00c8 una delle aree turistiche pi\u00f9 visitate della nazione, con circa 100.000 arrivi internazionali annui. Siena \u00e8 inoltre famosa per l&#8217;arte, per i musei, per il paesaggio<\/p>\n","protected":false},"author":1,"featured_media":0,"parent":0,"menu_order":0,"comment_status":"closed","ping_status":"closed","template":"","meta":[],"_links":{"self":[{"href":"https:\/\/www.bacciodimagio.it\/index.php?rest_route=\/wp\/v2\/pages\/50"}],"collection":[{"href":"https:\/\/www.bacciodimagio.it\/index.php?rest_route=\/wp\/v2\/pages"}],"about":[{"href":"https:\/\/www.bacciodimagio.it\/index.php?rest_route=\/wp\/v2\/types\/page"}],"author":[{"embeddable":true,"href":"https:\/\/www.bacciodimagio.it\/index.php?rest_route=\/wp\/v2\/users\/1"}],"replies":[{"embeddable":true,"href":"https:\/\/www.bacciodimagio.it\/index.php?rest_route=%2Fwp%2Fv2%2Fcomments&post=50"}],"version-history":[{"count":15,"href":"https:\/\/www.bacciodimagio.it\/index.php?rest_route=\/wp\/v2\/pages\/50\/revisions"}],"predecessor-version":[{"id":82,"href":"https:\/\/www.bacciodimagio.it\/index.php?rest_route=\/wp\/v2\/pages\/50\/revisions\/82"}],"wp:attachment":[{"href":"https:\/\/www.bacciodimagio.it\/index.php?rest_route=%2Fwp%2Fv2%2Fmedia&parent=50"}],"curies":[{"name":"wp","href":"https:\/\/api.w.org\/{rel}","templated":true}]}}