{"id":56,"date":"2020-02-07T17:59:12","date_gmt":"2020-02-07T16:59:12","guid":{"rendered":"http:\/\/www.bacciodimagio.it\/?page_id=56"},"modified":"2020-02-15T17:01:20","modified_gmt":"2020-02-15T16:01:20","slug":"firenze-2","status":"publish","type":"page","link":"https:\/\/www.bacciodimagio.it\/?page_id=56","title":{"rendered":"Firenze"},"content":{"rendered":"<p><a href=\"http:\/\/www.bacciodimagio.it\/wp-content\/uploads\/2020\/02\/firenze.jpg\" class=\"gallery_colorbox\"><img class=\"alignnone size-full wp-image-11\" src=\"http:\/\/www.bacciodimagio.it\/wp-content\/uploads\/2020\/02\/firenze.jpg\"  alt=\"firenze\" \/><\/a><\/p>\n<p>&nbsp;<\/p>\n<p><strong>Firenze<\/strong> \u00e8 il capoluogo della regione Toscana. \u00c8 la citt\u00e0 pi\u00f9 popolata della Toscana, con circa 400.000 abitanti nel 2013 ed oltre 1.520.000 nella sua area metropolitana.<\/p>\n<p><strong>Firenze<\/strong> nacque come citt\u00e0 romana e in seguito, dopo un lungo periodo come fiorente comune commerciale e bancario medievale, fu la culla del Rinascimento italiano. Secondo l&#8217;Enciclop\u00e6dia Britannica <strong>Firenze<\/strong> fu politicamente, economicamente e culturalmente una delle citt\u00e0 pi\u00f9 importanti in Europa e nel mondo dal XIV al XVI secolo. <\/p>\n<p>La lingua parlata a <strong>Firenze<\/strong> durante il XIV secolo venne accettata come modello per quella che sarebbe diventata la lingua italiana. Grazie soprattutto alle opere dei toscani Dante, Petrarca e Boccaccio, il dialetto fiorentino, insieme ai dialetti locali, fu adottato come base per una lingua letteraria nazionale.<\/p>\n<p>A partire dal tardo Medioevo, il denaro fiorentino, sotto forma di fiorino d&#8217;oro, finanzi\u00f2 lo sviluppo dell&#8217;industria in tutta Europa, dalla Gran Bretagna a Bruges, a Lione e fino in Ungheria. I banchieri fiorentini finanziarono i re inglesi durante la guerra dei cent&#8217;anni. Allo stesso modo <strong>Firenze<\/strong> finanzi\u00f2 il papato, compresa la costruzione della sede provvisoria di Avignone e, dopo il loro ritorno a Roma, la ricostruzione e l&#8217;abbellimento rinascimentale di Roma.<\/p>\n<p><strong>Firenze<\/strong> fu la dimora dei Medici, una delle famiglie nobili pi\u00f9 importanti della storia europea. Lorenzo de &#8216;Medici fu considerato una mente politica e culturale d&#8217;Italia alla fine del XV secolo. Due membri della famiglia erano papi all&#8217;inizio del XVI secolo: Leone X e Clemente VII. Caterina de &#8216;Medici spos\u00f2 il re Enrico II di Francia e, dopo la sua morte nel 1559, regn\u00f2 come reggente in Francia. Marie de &#8216;Medici spos\u00f2 Enrico IV di Francia e diede alla luce il futuro re Luigi XIII. I Medici regnarono a <strong>Firenze<\/strong> come Granduchi di Toscana, iniziando con Cosimo I de &#8216;Medici nel 1569 e terminando con la morte di Gian Gastone de&#8217; Medici nel 1737.<\/p>\n<p>La turbolenta storia politica di <strong>Firenze<\/strong> include periodi di dominio della potente famiglia dei Medici e numerose rivoluzioni religiose e repubblicane . Dal 1865 al 1871 la citt\u00e0 fu la capitale del Regno d&#8217;Italia (fondata nel 1861).  Grazie al prestigio dei capolavori di Dante Alighieri, Petrarca, Giovanni Boccaccio, Niccol\u00f2 Machiavelli e Francesco Guicciardini, il dialetto fiorentino costituisce la base dell&#8217;italiano standard.<\/p>\n<p><strong>Firenze<\/strong> attira milioni di turisti ogni anno e l&#8217;UNESCO ha dichiarato il Centro storico Patrimonio dell&#8217;Umanit\u00e0 gi\u00e0 dal 1982. <strong>Firenze<\/strong> \u00e8 oltremodo famosa per la sua cultura, arte rinascimentale, architettura e monumenti, ed ospita numerosi musei e gallerie d&#8217;arte, come la Galleria degli Uffizi e Palazzo Pitti. <strong>Firenze<\/strong> esercita tutt&#8217;oggi elevata influenza nei campi dell&#8217;arte, della cultura e della politica: per il proprio patrimonio artistico e architettonico Forbes ha classificato <strong>Firenze<\/strong> come una delle citt\u00e0 pi\u00f9 belle del mondo. <\/p>\n<p><strong>Firenze<\/strong> ha un ruolo importante nella moda italiana, ed \u00e8 classificata nelle prime 15 capitali della moda del mondo da Global Language Monitor; inoltre, \u00e8 un importante centro economico nazionale, oltre che hub industriale.<\/p>\n","protected":false},"excerpt":{"rendered":"<p>&nbsp; Firenze \u00e8 il capoluogo della regione Toscana. \u00c8 la citt\u00e0 pi\u00f9 popolata della Toscana, con circa 400.000 abitanti nel 2013 ed oltre 1.520.000 nella sua area metropolitana. Firenze nacque come citt\u00e0 romana e in seguito, dopo un lungo periodo come fiorente comune commerciale e bancario medievale, fu la culla del Rinascimento italiano. Secondo l&#8217;Enciclop\u00e6dia<\/p>\n","protected":false},"author":1,"featured_media":0,"parent":0,"menu_order":0,"comment_status":"closed","ping_status":"closed","template":"","meta":[],"_links":{"self":[{"href":"https:\/\/www.bacciodimagio.it\/index.php?rest_route=\/wp\/v2\/pages\/56"}],"collection":[{"href":"https:\/\/www.bacciodimagio.it\/index.php?rest_route=\/wp\/v2\/pages"}],"about":[{"href":"https:\/\/www.bacciodimagio.it\/index.php?rest_route=\/wp\/v2\/types\/page"}],"author":[{"embeddable":true,"href":"https:\/\/www.bacciodimagio.it\/index.php?rest_route=\/wp\/v2\/users\/1"}],"replies":[{"embeddable":true,"href":"https:\/\/www.bacciodimagio.it\/index.php?rest_route=%2Fwp%2Fv2%2Fcomments&post=56"}],"version-history":[{"count":12,"href":"https:\/\/www.bacciodimagio.it\/index.php?rest_route=\/wp\/v2\/pages\/56\/revisions"}],"predecessor-version":[{"id":108,"href":"https:\/\/www.bacciodimagio.it\/index.php?rest_route=\/wp\/v2\/pages\/56\/revisions\/108"}],"wp:attachment":[{"href":"https:\/\/www.bacciodimagio.it\/index.php?rest_route=%2Fwp%2Fv2%2Fmedia&parent=56"}],"curies":[{"name":"wp","href":"https:\/\/api.w.org\/{rel}","templated":true}]}}